{"id":1280,"date":"2018-11-23T14:42:18","date_gmt":"2018-11-23T13:42:18","guid":{"rendered":"http:\/\/s422046526.mialojamiento.es\/portada\/"},"modified":"2019-05-17T14:27:21","modified_gmt":"2019-05-17T12:27:21","slug":"portada","status":"publish","type":"page","link":"https:\/\/zenta.es\/eu\/","title":{"rendered":"Portada"},"content":{"rendered":"\n<h2 class=\"wp-block-heading\">Zure denda Donostian bertan<\/h2>\n\n\n\n<p>400m2 baino gehiago zuri eskainiak, Gipuzkoako laguntza-produktu erakusketa handienarekin.<\/p>\n\n\n\n<p>Hauek ikusi eta probatzeko aukera izan dezazun. Zure beharrak aseko dituen produktua topatzen lagunduko dizugu.<\/p>\n\n\n\n<ul class=\"wp-block-gallery columns-2 is-cropped wp-block-gallery-1 is-layout-flex wp-block-gallery-is-layout-flex\"><li class=\"blocks-gallery-item\"><figure><img loading=\"lazy\" decoding=\"async\" width=\"1024\" height=\"683\" src=\"https:\/\/zenta.es\/wp-content\/uploads\/2019\/04\/tienda-zenta-mucho-m\u00e1s-que-una-ortopedia-exterior-1024x683.jpg\" alt=\"\" data-id=\"1734\" data-link=\"http:\/\/s422046526.mialojamiento.es\/portada\/_h5a6272v2\/\" class=\"wp-image-1734\" srcset=\"https:\/\/zenta.es\/wp-content\/uploads\/2019\/04\/tienda-zenta-mucho-m\u00e1s-que-una-ortopedia-exterior-1024x683.jpg 1024w, https:\/\/zenta.es\/wp-content\/uploads\/2019\/04\/tienda-zenta-mucho-m\u00e1s-que-una-ortopedia-exterior-300x200.jpg 300w, https:\/\/zenta.es\/wp-content\/uploads\/2019\/04\/tienda-zenta-mucho-m\u00e1s-que-una-ortopedia-exterior-768x512.jpg 768w, https:\/\/zenta.es\/wp-content\/uploads\/2019\/04\/tienda-zenta-mucho-m\u00e1s-que-una-ortopedia-exterior-1500x1000.jpg 1500w\" sizes=\"auto, (max-width: 1024px) 100vw, 1024px\" \/><\/figure><\/li><li class=\"blocks-gallery-item\"><figure><img loading=\"lazy\" decoding=\"async\" width=\"1024\" height=\"683\" src=\"https:\/\/zenta.es\/wp-content\/uploads\/2019\/04\/ortopedia-zenta-foto-interior-1-1024x683.jpg\" alt=\"\" data-id=\"1674\" data-link=\"http:\/\/s422046526.mialojamiento.es\/portada\/_h5a6166\/\" class=\"wp-image-1674\" srcset=\"https:\/\/zenta.es\/wp-content\/uploads\/2019\/04\/ortopedia-zenta-foto-interior-1-1024x683.jpg 1024w, https:\/\/zenta.es\/wp-content\/uploads\/2019\/04\/ortopedia-zenta-foto-interior-1-300x200.jpg 300w, https:\/\/zenta.es\/wp-content\/uploads\/2019\/04\/ortopedia-zenta-foto-interior-1-768x512.jpg 768w, https:\/\/zenta.es\/wp-content\/uploads\/2019\/04\/ortopedia-zenta-foto-interior-1-1500x1000.jpg 1500w\" sizes=\"auto, (max-width: 1024px) 100vw, 1024px\" \/><\/figure><\/li><li class=\"blocks-gallery-item\"><figure><img loading=\"lazy\" decoding=\"async\" width=\"1024\" height=\"683\" src=\"https:\/\/zenta.es\/wp-content\/uploads\/2019\/04\/ortopedia-zenta-foto-interior-2-1024x683.jpg\" alt=\"\" data-id=\"1706\" data-link=\"http:\/\/s422046526.mialojamiento.es\/portada\/_h5a6209-2\/\" class=\"wp-image-1706\" srcset=\"https:\/\/zenta.es\/wp-content\/uploads\/2019\/04\/ortopedia-zenta-foto-interior-2-1024x683.jpg 1024w, https:\/\/zenta.es\/wp-content\/uploads\/2019\/04\/ortopedia-zenta-foto-interior-2-300x200.jpg 300w, https:\/\/zenta.es\/wp-content\/uploads\/2019\/04\/ortopedia-zenta-foto-interior-2-768x512.jpg 768w, https:\/\/zenta.es\/wp-content\/uploads\/2019\/04\/ortopedia-zenta-foto-interior-2-1500x1000.jpg 1500w\" sizes=\"auto, (max-width: 1024px) 100vw, 1024px\" \/><\/figure><\/li><li class=\"blocks-gallery-item\"><figure><img loading=\"lazy\" decoding=\"async\" width=\"1024\" height=\"683\" src=\"https:\/\/zenta.es\/wp-content\/uploads\/2019\/04\/ortopedia-zenta-foto-interior-3-1024x683.jpg\" alt=\"\" data-id=\"1710\" data-link=\"http:\/\/s422046526.mialojamiento.es\/portada\/_h5a6115\/\" class=\"wp-image-1710\" srcset=\"https:\/\/zenta.es\/wp-content\/uploads\/2019\/04\/ortopedia-zenta-foto-interior-3-1024x683.jpg 1024w, https:\/\/zenta.es\/wp-content\/uploads\/2019\/04\/ortopedia-zenta-foto-interior-3-300x200.jpg 300w, https:\/\/zenta.es\/wp-content\/uploads\/2019\/04\/ortopedia-zenta-foto-interior-3-768x512.jpg 768w, https:\/\/zenta.es\/wp-content\/uploads\/2019\/04\/ortopedia-zenta-foto-interior-3-1500x1000.jpg 1500w\" sizes=\"auto, (max-width: 1024px) 100vw, 1024px\" \/><\/figure><\/li><li class=\"blocks-gallery-item\"><figure><img loading=\"lazy\" decoding=\"async\" width=\"1024\" height=\"683\" src=\"https:\/\/zenta.es\/wp-content\/uploads\/2019\/04\/ortopedia-zenta-foto-interior-4-1024x683.jpg\" alt=\"\" data-id=\"1686\" data-link=\"http:\/\/s422046526.mialojamiento.es\/portada\/_h5a6226-2\/\" class=\"wp-image-1686\" srcset=\"https:\/\/zenta.es\/wp-content\/uploads\/2019\/04\/ortopedia-zenta-foto-interior-4-1024x683.jpg 1024w, https:\/\/zenta.es\/wp-content\/uploads\/2019\/04\/ortopedia-zenta-foto-interior-4-300x200.jpg 300w, https:\/\/zenta.es\/wp-content\/uploads\/2019\/04\/ortopedia-zenta-foto-interior-4-768x512.jpg 768w, https:\/\/zenta.es\/wp-content\/uploads\/2019\/04\/ortopedia-zenta-foto-interior-4-1500x1000.jpg 1500w\" sizes=\"auto, (max-width: 1024px) 100vw, 1024px\" \/><\/figure><\/li><li class=\"blocks-gallery-item\"><figure><img loading=\"lazy\" decoding=\"async\" width=\"1024\" height=\"683\" src=\"https:\/\/zenta.es\/wp-content\/uploads\/2019\/04\/ortopedia-zenta-foto-interior-6-1024x683.jpg\" alt=\"\" data-id=\"1708\" data-link=\"http:\/\/s422046526.mialojamiento.es\/portada\/_h5a6242-3\/\" class=\"wp-image-1708\" srcset=\"https:\/\/zenta.es\/wp-content\/uploads\/2019\/04\/ortopedia-zenta-foto-interior-6-1024x683.jpg 1024w, https:\/\/zenta.es\/wp-content\/uploads\/2019\/04\/ortopedia-zenta-foto-interior-6-300x200.jpg 300w, https:\/\/zenta.es\/wp-content\/uploads\/2019\/04\/ortopedia-zenta-foto-interior-6-768x512.jpg 768w, https:\/\/zenta.es\/wp-content\/uploads\/2019\/04\/ortopedia-zenta-foto-interior-6-1500x1000.jpg 1500w\" sizes=\"auto, (max-width: 1024px) 100vw, 1024px\" \/><\/figure><\/li><\/ul>\n\n\n\n<p>Aguila Eraikina, Errekalde 59 Donostia-San Sebasti\u00e1n<\/p>\n","protected":false},"excerpt":{"rendered":"<p>Zure denda Donostian bertan 400m2 baino gehiago zuri eskainiak, Gipuzkoako laguntza-produktu erakusketa handienarekin. Hauek ikusi eta probatzeko aukera izan dezazun. Zure beharrak aseko dituen produktua topatzen lagunduko dizugu. Aguila Eraikina, Errekalde 59 Donostia-San Sebasti\u00e1n<\/p>\n","protected":false},"author":2,"featured_media":0,"parent":0,"menu_order":0,"comment_status":"closed","ping_status":"closed","template":"page-portada.php","meta":{"_acf_changed":false,"footnotes":""},"class_list":["post-1280","page","type-page","status-publish","hentry"],"acf":[],"yoast_head":"<!-- This site is optimized with the Yoast SEO plugin v27.4 - https:\/\/yoast.com\/product\/yoast-seo-wordpress\/ -->\n<title>Zenta<\/title>\n<meta name=\"description\" content=\"Mucho m\u00e1s que una ortopedia. Tecnolog\u00eda de vanguardia para tu autonom\u00eda personal. Soluciones personalizadas para la discapacidad y el envejecimiento activo.\" \/>\n<meta name=\"robots\" content=\"index, follow, max-snippet:-1, max-image-preview:large, max-video-preview:-1\" \/>\n<link rel=\"canonical\" href=\"https:\/\/zenta.es\/eu\/\" \/>\n<meta property=\"og:locale\" content=\"eu_ES\" \/>\n<meta property=\"og:type\" content=\"article\" \/>\n<meta property=\"og:title\" content=\"Zenta\" \/>\n<meta property=\"og:description\" content=\"Mucho m\u00e1s que una ortopedia. Tecnolog\u00eda de vanguardia para tu autonom\u00eda personal. Soluciones personalizadas para la discapacidad y el envejecimiento activo.\" \/>\n<meta property=\"og:url\" content=\"https:\/\/zenta.es\/eu\/\" \/>\n<meta property=\"og:site_name\" content=\"Zenta\" \/>\n<meta property=\"article:publisher\" content=\"https:\/\/www.facebook.com\/zenta.zureondoan\/\" \/>\n<meta property=\"article:modified_time\" content=\"2019-05-17T12:27:21+00:00\" \/>\n<meta property=\"og:image\" content=\"https:\/\/zenta.es\/wp-content\/uploads\/2019\/04\/ortopedia-zenta-foto-interior-1-1024x683.jpg\" \/>\n<meta name=\"twitter:card\" content=\"summary_large_image\" \/>\n<script type=\"application\/ld+json\" class=\"yoast-schema-graph\">{\"@context\":\"https:\\\/\\\/schema.org\",\"@graph\":[{\"@type\":\"WebPage\",\"@id\":\"https:\\\/\\\/zenta.es\\\/eu\\\/\",\"url\":\"https:\\\/\\\/zenta.es\\\/eu\\\/\",\"name\":\"Zenta\",\"isPartOf\":{\"@id\":\"https:\\\/\\\/zenta.es\\\/eu\\\/#website\"},\"primaryImageOfPage\":{\"@id\":\"https:\\\/\\\/zenta.es\\\/eu\\\/#primaryimage\"},\"image\":{\"@id\":\"https:\\\/\\\/zenta.es\\\/eu\\\/#primaryimage\"},\"thumbnailUrl\":\"https:\\\/\\\/zenta.es\\\/wp-content\\\/uploads\\\/2019\\\/04\\\/ortopedia-zenta-foto-interior-1-1024x683.jpg\",\"datePublished\":\"2018-11-23T13:42:18+00:00\",\"dateModified\":\"2019-05-17T12:27:21+00:00\",\"description\":\"Mucho m\u00e1s que una ortopedia. Tecnolog\u00eda de vanguardia para tu autonom\u00eda personal. Soluciones personalizadas para la discapacidad y el envejecimiento activo.\",\"breadcrumb\":{\"@id\":\"https:\\\/\\\/zenta.es\\\/eu\\\/#breadcrumb\"},\"inLanguage\":\"eu-ES\",\"potentialAction\":[{\"@type\":\"ReadAction\",\"target\":[\"https:\\\/\\\/zenta.es\\\/eu\\\/\"]}]},{\"@type\":\"ImageObject\",\"inLanguage\":\"eu-ES\",\"@id\":\"https:\\\/\\\/zenta.es\\\/eu\\\/#primaryimage\",\"url\":\"https:\\\/\\\/zenta.es\\\/wp-content\\\/uploads\\\/2019\\\/04\\\/ortopedia-zenta-foto-interior-1-1024x683.jpg\",\"contentUrl\":\"https:\\\/\\\/zenta.es\\\/wp-content\\\/uploads\\\/2019\\\/04\\\/ortopedia-zenta-foto-interior-1-1024x683.jpg\"},{\"@type\":\"BreadcrumbList\",\"@id\":\"https:\\\/\\\/zenta.es\\\/eu\\\/#breadcrumb\",\"itemListElement\":[{\"@type\":\"ListItem\",\"position\":1,\"name\":\"Portada\",\"item\":\"https:\\\/\\\/zenta.es\\\/eu\\\/\"},{\"@type\":\"ListItem\",\"position\":2,\"name\":\"Portada\"}]},{\"@type\":\"WebSite\",\"@id\":\"https:\\\/\\\/zenta.es\\\/eu\\\/#website\",\"url\":\"https:\\\/\\\/zenta.es\\\/eu\\\/\",\"name\":\"Zenta, ayudas t\u00e9cnicas para las personas\",\"description\":\"Ayudas t\u00e9cnicas para las personas\",\"publisher\":{\"@id\":\"https:\\\/\\\/zenta.es\\\/eu\\\/#organization\"},\"potentialAction\":[{\"@type\":\"SearchAction\",\"target\":{\"@type\":\"EntryPoint\",\"urlTemplate\":\"https:\\\/\\\/zenta.es\\\/eu\\\/?s={search_term_string}\"},\"query-input\":{\"@type\":\"PropertyValueSpecification\",\"valueRequired\":true,\"valueName\":\"search_term_string\"}}],\"inLanguage\":\"eu-ES\"},{\"@type\":\"Organization\",\"@id\":\"https:\\\/\\\/zenta.es\\\/eu\\\/#organization\",\"name\":\"Zenta\",\"url\":\"https:\\\/\\\/zenta.es\\\/eu\\\/\",\"logo\":{\"@type\":\"ImageObject\",\"inLanguage\":\"eu-ES\",\"@id\":\"https:\\\/\\\/zenta.es\\\/eu\\\/#\\\/schema\\\/logo\\\/image\\\/\",\"url\":\"https:\\\/\\\/zenta.es\\\/wp-content\\\/uploads\\\/2018\\\/11\\\/LOGO-TRANSPARENTE.png\",\"contentUrl\":\"https:\\\/\\\/zenta.es\\\/wp-content\\\/uploads\\\/2018\\\/11\\\/LOGO-TRANSPARENTE.png\",\"width\":348,\"height\":72,\"caption\":\"Zenta\"},\"image\":{\"@id\":\"https:\\\/\\\/zenta.es\\\/eu\\\/#\\\/schema\\\/logo\\\/image\\\/\"},\"sameAs\":[\"https:\\\/\\\/www.facebook.com\\\/zenta.zureondoan\\\/\"]}]}<\/script>\n<!-- \/ Yoast SEO plugin. -->","yoast_head_json":{"title":"Zenta","description":"Mucho m\u00e1s que una ortopedia. Tecnolog\u00eda de vanguardia para tu autonom\u00eda personal. Soluciones personalizadas para la discapacidad y el envejecimiento activo.","robots":{"index":"index","follow":"follow","max-snippet":"max-snippet:-1","max-image-preview":"max-image-preview:large","max-video-preview":"max-video-preview:-1"},"canonical":"https:\/\/zenta.es\/eu\/","og_locale":"eu_ES","og_type":"article","og_title":"Zenta","og_description":"Mucho m\u00e1s que una ortopedia. Tecnolog\u00eda de vanguardia para tu autonom\u00eda personal. Soluciones personalizadas para la discapacidad y el envejecimiento activo.","og_url":"https:\/\/zenta.es\/eu\/","og_site_name":"Zenta","article_publisher":"https:\/\/www.facebook.com\/zenta.zureondoan\/","article_modified_time":"2019-05-17T12:27:21+00:00","og_image":[{"url":"https:\/\/zenta.es\/wp-content\/uploads\/2019\/04\/ortopedia-zenta-foto-interior-1-1024x683.jpg","type":"","width":"","height":""}],"twitter_card":"summary_large_image","schema":{"@context":"https:\/\/schema.org","@graph":[{"@type":"WebPage","@id":"https:\/\/zenta.es\/eu\/","url":"https:\/\/zenta.es\/eu\/","name":"Zenta","isPartOf":{"@id":"https:\/\/zenta.es\/eu\/#website"},"primaryImageOfPage":{"@id":"https:\/\/zenta.es\/eu\/#primaryimage"},"image":{"@id":"https:\/\/zenta.es\/eu\/#primaryimage"},"thumbnailUrl":"https:\/\/zenta.es\/wp-content\/uploads\/2019\/04\/ortopedia-zenta-foto-interior-1-1024x683.jpg","datePublished":"2018-11-23T13:42:18+00:00","dateModified":"2019-05-17T12:27:21+00:00","description":"Mucho m\u00e1s que una ortopedia. Tecnolog\u00eda de vanguardia para tu autonom\u00eda personal. Soluciones personalizadas para la discapacidad y el envejecimiento activo.","breadcrumb":{"@id":"https:\/\/zenta.es\/eu\/#breadcrumb"},"inLanguage":"eu-ES","potentialAction":[{"@type":"ReadAction","target":["https:\/\/zenta.es\/eu\/"]}]},{"@type":"ImageObject","inLanguage":"eu-ES","@id":"https:\/\/zenta.es\/eu\/#primaryimage","url":"https:\/\/zenta.es\/wp-content\/uploads\/2019\/04\/ortopedia-zenta-foto-interior-1-1024x683.jpg","contentUrl":"https:\/\/zenta.es\/wp-content\/uploads\/2019\/04\/ortopedia-zenta-foto-interior-1-1024x683.jpg"},{"@type":"BreadcrumbList","@id":"https:\/\/zenta.es\/eu\/#breadcrumb","itemListElement":[{"@type":"ListItem","position":1,"name":"Portada","item":"https:\/\/zenta.es\/eu\/"},{"@type":"ListItem","position":2,"name":"Portada"}]},{"@type":"WebSite","@id":"https:\/\/zenta.es\/eu\/#website","url":"https:\/\/zenta.es\/eu\/","name":"Zenta, ayudas t\u00e9cnicas para las personas","description":"Ayudas t\u00e9cnicas para las personas","publisher":{"@id":"https:\/\/zenta.es\/eu\/#organization"},"potentialAction":[{"@type":"SearchAction","target":{"@type":"EntryPoint","urlTemplate":"https:\/\/zenta.es\/eu\/?s={search_term_string}"},"query-input":{"@type":"PropertyValueSpecification","valueRequired":true,"valueName":"search_term_string"}}],"inLanguage":"eu-ES"},{"@type":"Organization","@id":"https:\/\/zenta.es\/eu\/#organization","name":"Zenta","url":"https:\/\/zenta.es\/eu\/","logo":{"@type":"ImageObject","inLanguage":"eu-ES","@id":"https:\/\/zenta.es\/eu\/#\/schema\/logo\/image\/","url":"https:\/\/zenta.es\/wp-content\/uploads\/2018\/11\/LOGO-TRANSPARENTE.png","contentUrl":"https:\/\/zenta.es\/wp-content\/uploads\/2018\/11\/LOGO-TRANSPARENTE.png","width":348,"height":72,"caption":"Zenta"},"image":{"@id":"https:\/\/zenta.es\/eu\/#\/schema\/logo\/image\/"},"sameAs":["https:\/\/www.facebook.com\/zenta.zureondoan\/"]}]}},"_links":{"self":[{"href":"https:\/\/zenta.es\/eu\/wp-json\/wp\/v2\/pages\/1280","targetHints":{"allow":["GET"]}}],"collection":[{"href":"https:\/\/zenta.es\/eu\/wp-json\/wp\/v2\/pages"}],"about":[{"href":"https:\/\/zenta.es\/eu\/wp-json\/wp\/v2\/types\/page"}],"author":[{"embeddable":true,"href":"https:\/\/zenta.es\/eu\/wp-json\/wp\/v2\/users\/2"}],"replies":[{"embeddable":true,"href":"https:\/\/zenta.es\/eu\/wp-json\/wp\/v2\/comments?post=1280"}],"version-history":[{"count":16,"href":"https:\/\/zenta.es\/eu\/wp-json\/wp\/v2\/pages\/1280\/revisions"}],"predecessor-version":[{"id":1925,"href":"https:\/\/zenta.es\/eu\/wp-json\/wp\/v2\/pages\/1280\/revisions\/1925"}],"wp:attachment":[{"href":"https:\/\/zenta.es\/eu\/wp-json\/wp\/v2\/media?parent=1280"}],"curies":[{"name":"wp","href":"https:\/\/api.w.org\/{rel}","templated":true}]}}