{"id":2004,"date":"2018-11-21T10:46:12","date_gmt":"2018-11-21T09:46:12","guid":{"rendered":"http:\/\/s422046526.mialojamiento.es\/?page_id=2004"},"modified":"2024-10-02T16:26:46","modified_gmt":"2024-10-02T14:26:46","slug":"garabiak","status":"publish","type":"page","link":"https:\/\/zenta.es\/eu\/produktuak\/transferentziak\/garabiak\/","title":{"rendered":"Mobilizazio garabiak"},"content":{"rendered":"\n<h2 class=\"wp-block-heading\">Ezaugarriak<\/h2>\n\n<p>Erabilerrazak dira, eta lesioak saihesten dituzte, bai zaintzailearentzat, bai erabiltzailearentzat. Beharrezkoak dira transferentziarako laguntza oinarrizkoenak transferentziak modu seguruan egiteko nahikoak ez diren egoeretan. Lesio-arriskua askoz ere txikiagoa da laguntza ematen duenarentzat, eta transferentzian segurtasuna oso handia da.<\/p>\n\n<div class=\"wp-block-cover is-light\"><span aria-hidden=\"true\" class=\"wp-block-cover__background has-background-dim\"><\/span><img loading=\"lazy\" decoding=\"async\" width=\"1000\" height=\"667\" class=\"wp-block-cover__image-background wp-image-3490\" alt=\"\" src=\"https:\/\/zenta.es\/wp-content\/uploads\/2023\/07\/rails-DSC1114-bewerkt3.jpg\" style=\"object-position:52% 94%\" data-object-fit=\"cover\" data-object-position=\"52% 94%\" srcset=\"https:\/\/zenta.es\/wp-content\/uploads\/2023\/07\/rails-DSC1114-bewerkt3.jpg 1000w, https:\/\/zenta.es\/wp-content\/uploads\/2023\/07\/rails-DSC1114-bewerkt3-300x200.jpg 300w, https:\/\/zenta.es\/wp-content\/uploads\/2023\/07\/rails-DSC1114-bewerkt3-768x512.jpg 768w\" sizes=\"auto, (max-width: 1000px) 100vw, 1000px\" \/><div class=\"wp-block-cover__inner-container is-layout-flow wp-block-cover-is-layout-flow\">\n<div class=\"wp-block-columns is-layout-flex wp-container-core-columns-is-layout-9d6595d7 wp-block-columns-is-layout-flex\">\n<div class=\"wp-block-column is-layout-flow wp-block-column-is-layout-flow\">\n<h2 class=\"wp-block-heading has-white-color has-text-color\">Sabaiko garabia<\/h2>\n\n\n\n<p class=\"has-white-color has-text-color\">Sistema horiek oso leku gutxi hartzen dute, baina jarduteko espazio erabilgarria mugatua da beti, eta erreiak sabaian jartzeak definitzen du. Transferentziaren erraztasuna eta segurtasuna maximoak dira gailu horiekin. Aipatutako guztiagatik, transferentzia errepikakorrak egiteko egokiak dira, beti espazio berberen artean, adibidez; ohetik dutxara edo ohetik komunera.<\/p>\n<\/div>\n\n\n\n<div class=\"wp-block-column is-vertically-aligned-bottom is-layout-flow wp-block-column-is-layout-flow\">\n<div class=\"wp-block-buttons is-content-justification-right is-layout-flex wp-container-core-buttons-is-layout-765c4724 wp-block-buttons-is-layout-flex\">\n<div class=\"wp-block-button\"><a class=\"wp-block-button__link has-black-color has-white-background-color has-text-color has-background has-text-align-right wp-element-button\" href=\"https:\/\/zenta.es\/eu\/sabaiko-garabia\/\">Sabaiko garabia<\/a><\/div>\n<\/div>\n<\/div>\n<\/div>\n<\/div><\/div>\n\n<div class=\"wp-block-cover is-light\"><span aria-hidden=\"true\" class=\"wp-block-cover__background has-background-dim\"><\/span><img loading=\"lazy\" decoding=\"async\" width=\"667\" height=\"1000\" class=\"wp-block-cover__image-background wp-image-3383\" alt=\"Gr\u00faa m\u00f3vil cigue\u00f1a de traslado\" src=\"https:\/\/zenta.es\/wp-content\/uploads\/2023\/07\/tilting-spreaderbar_03-2011_34.jpg\" style=\"object-position:68% 27%\" data-object-fit=\"cover\" data-object-position=\"68% 27%\" srcset=\"https:\/\/zenta.es\/wp-content\/uploads\/2023\/07\/tilting-spreaderbar_03-2011_34.jpg 667w, https:\/\/zenta.es\/wp-content\/uploads\/2023\/07\/tilting-spreaderbar_03-2011_34-200x300.jpg 200w\" sizes=\"auto, (max-width: 667px) 100vw, 667px\" \/><div class=\"wp-block-cover__inner-container is-layout-flow wp-block-cover-is-layout-flow\">\n<div class=\"wp-block-columns is-layout-flex wp-container-core-columns-is-layout-9d6595d7 wp-block-columns-is-layout-flex\">\n<div class=\"wp-block-column is-layout-flow wp-block-column-is-layout-flow\">\n<h2 class=\"wp-block-heading has-white-color has-text-color\">Elebazio garabiak \/ Zikoinak<\/h2>\n\n\n\n<p class=\"has-white-color has-text-color\">Zentroko hainbat solairutan erabiltzeko aukera ematen duten garabi mugikorrak. Oso moldakorrak eta ekipoek erabiltzeko errazak. Garabi zikoina aukeratzean, kontuan izan behar da zentroko erabiltzaile guztiei egokitu behar zaiela, kontuan hartu behar dela esekitokiaren karga-ahalmena eta jasotze-tartea. Oso garrantzitsua da ordezko piezen kostua aldez aurretik jakitea.<\/p>\n<\/div>\n\n\n\n<div class=\"wp-block-column is-vertically-aligned-bottom is-layout-flow wp-block-column-is-layout-flow\">\n<div class=\"wp-block-buttons is-content-justification-right is-layout-flex wp-container-core-buttons-is-layout-765c4724 wp-block-buttons-is-layout-flex\">\n<div class=\"wp-block-button\"><a class=\"wp-block-button__link has-black-color has-white-background-color has-text-color has-background has-text-align-right wp-element-button\" href=\"https:\/\/zenta.es\/eu\/produktuak\/transferentziak\/garabiak\/elebazio-garabiak-zikoinak\/\">Elebazio garabiak \/ Zikoinak<\/a><\/div>\n<\/div>\n<\/div>\n<\/div>\n<\/div><\/div>\n\n<div class=\"wp-block-cover is-light\"><span aria-hidden=\"true\" class=\"wp-block-cover__background has-background-dim\"><\/span><img loading=\"lazy\" decoding=\"async\" width=\"1000\" height=\"667\" class=\"wp-block-cover__image-background wp-image-3365\" alt=\"Gr\u00faa de Bipedestaci\u00f3n 2620 Handi Move\" src=\"https:\/\/zenta.es\/wp-content\/uploads\/2023\/07\/A7R3046.jpg\" style=\"object-position:33% 8%\" data-object-fit=\"cover\" data-object-position=\"33% 8%\" srcset=\"https:\/\/zenta.es\/wp-content\/uploads\/2023\/07\/A7R3046.jpg 1000w, https:\/\/zenta.es\/wp-content\/uploads\/2023\/07\/A7R3046-300x200.jpg 300w, https:\/\/zenta.es\/wp-content\/uploads\/2023\/07\/A7R3046-768x512.jpg 768w\" sizes=\"auto, (max-width: 1000px) 100vw, 1000px\" \/><div class=\"wp-block-cover__inner-container is-layout-flow wp-block-cover-is-layout-flow\">\n<div class=\"wp-block-columns is-layout-flex wp-container-core-columns-is-layout-9d6595d7 wp-block-columns-is-layout-flex\">\n<div class=\"wp-block-column is-layout-flow wp-block-column-is-layout-flow\">\n<h2 class=\"wp-block-heading has-white-color has-text-color\">Bipedestazio garabiak<\/h2>\n\n\n\n<p class=\"has-white-color has-text-color\">Gorputz-enborra kontrolatzen duten pertsonentzat dira egokiak; beraz, transferentzia errazagoa eta erosoagoa da. Gainera, egunero garbitzeko erabiltzen dira. Garrantzitsua da bipedestatzeko makina bat aukeratzean, karga maximoa ezagutzea, baita bipedestazioko ergonomia ere.<\/p>\n<\/div>\n\n\n\n<div class=\"wp-block-column is-vertically-aligned-bottom is-layout-flow wp-block-column-is-layout-flow\">\n<div class=\"wp-block-buttons is-content-justification-right is-layout-flex wp-container-core-buttons-is-layout-765c4724 wp-block-buttons-is-layout-flex\">\n<div class=\"wp-block-button\"><a class=\"wp-block-button__link has-black-color has-white-background-color has-text-color has-background has-text-align-right wp-element-button\" href=\"https:\/\/zenta.es\/eu\/bipedestazio-garabiak\/\">Bipedestazio garabiak<\/a><\/div>\n<\/div>\n<\/div>\n<\/div>\n<\/div><\/div>\n\n<div class=\"wp-block-cover is-light\"><span aria-hidden=\"true\" class=\"wp-block-cover__background has-background-dim\"><\/span><img loading=\"lazy\" decoding=\"async\" width=\"1000\" height=\"667\" class=\"wp-block-cover__image-background wp-image-3444\" alt=\"\" src=\"https:\/\/zenta.es\/wp-content\/uploads\/2023\/07\/pool-lift-chair-3620-DSC3189.jpg\" style=\"object-position:47% 55%\" data-object-fit=\"cover\" data-object-position=\"47% 55%\" srcset=\"https:\/\/zenta.es\/wp-content\/uploads\/2023\/07\/pool-lift-chair-3620-DSC3189.jpg 1000w, https:\/\/zenta.es\/wp-content\/uploads\/2023\/07\/pool-lift-chair-3620-DSC3189-300x200.jpg 300w, https:\/\/zenta.es\/wp-content\/uploads\/2023\/07\/pool-lift-chair-3620-DSC3189-768x512.jpg 768w\" sizes=\"auto, (max-width: 1000px) 100vw, 1000px\" \/><div class=\"wp-block-cover__inner-container is-layout-flow wp-block-cover-is-layout-flow\">\n<div class=\"wp-block-columns is-layout-flex wp-container-core-columns-is-layout-9d6595d7 wp-block-columns-is-layout-flex\">\n<div class=\"wp-block-column is-layout-flow wp-block-column-is-layout-flow\">\n<p><\/p>\n\n\n\n<p><\/p>\n\n\n\n<h2 class=\"wp-block-heading has-white-color has-text-color\">Igerilekuetako garabiak<\/h2>\n\n\n\n<p class=\"has-white-color has-text-color\">Igerileku eramangarrirako garabia, garraiatzeko ahalik eta erraztasun handiena, igerilekuko edozein gunetan tolesteko eta gordetzeko aukera ematen du.<\/p>\n<\/div>\n\n\n\n<div class=\"wp-block-column is-vertically-aligned-bottom is-layout-flow wp-block-column-is-layout-flow\">\n<div class=\"wp-block-buttons is-content-justification-right is-layout-flex wp-container-core-buttons-is-layout-765c4724 wp-block-buttons-is-layout-flex\">\n<div class=\"wp-block-button\"><a class=\"wp-block-button__link has-black-color has-white-background-color has-text-color has-background has-text-align-right wp-element-button\" href=\"https:\/\/zenta.es\/eu\/igerilekuetako-garabiak\/\">Igerilekuetako garabiak<\/a><\/div>\n<\/div>\n<\/div>\n<\/div>\n<\/div><\/div>\n","protected":false},"excerpt":{"rendered":"<p>Erabilerrazak dira, eta lesioak saihesten dituzte, bai zaintzailearentzat, bai erabiltzailearentzat.<\/p>\n","protected":false},"author":2,"featured_media":0,"parent":1943,"menu_order":0,"comment_status":"closed","ping_status":"closed","template":"page-subcategoria-producto.php","meta":{"_acf_changed":false,"footnotes":""},"class_list":["post-2004","page","type-page","status-publish","hentry"],"acf":[],"yoast_head":"<!-- This site is optimized with the Yoast SEO plugin v27.5 - https:\/\/yoast.com\/product\/yoast-seo-wordpress\/ -->\n<title>Mobilizazio garabiak - Zenta<\/title>\n<meta name=\"robots\" content=\"index, follow, max-snippet:-1, max-image-preview:large, max-video-preview:-1\" \/>\n<link rel=\"canonical\" href=\"https:\/\/zenta.es\/eu\/produktuak\/transferentziak\/garabiak\/\" \/>\n<meta property=\"og:locale\" content=\"eu_ES\" \/>\n<meta property=\"og:type\" content=\"article\" \/>\n<meta property=\"og:title\" content=\"Mobilizazio garabiak - Zenta\" \/>\n<meta property=\"og:description\" content=\"Erabilerrazak dira, eta lesioak saihesten dituzte, bai zaintzailearentzat, bai erabiltzailearentzat.\" \/>\n<meta property=\"og:url\" content=\"https:\/\/zenta.es\/eu\/produktuak\/transferentziak\/garabiak\/\" \/>\n<meta property=\"og:site_name\" content=\"Zenta\" \/>\n<meta property=\"article:publisher\" content=\"https:\/\/www.facebook.com\/zenta.zureondoan\/\" \/>\n<meta property=\"article:modified_time\" content=\"2024-10-02T14:26:46+00:00\" \/>\n<meta property=\"og:image\" content=\"https:\/\/zenta.es\/wp-content\/uploads\/2023\/07\/rails-DSC1114-bewerkt3.jpg\" \/>\n<meta name=\"twitter:card\" content=\"summary_large_image\" \/>\n<meta name=\"twitter:label1\" content=\"Est. reading time\" \/>\n\t<meta name=\"twitter:data1\" content=\"1 minute\" \/>\n<script type=\"application\/ld+json\" class=\"yoast-schema-graph\">{\"@context\":\"https:\\\/\\\/schema.org\",\"@graph\":[{\"@type\":\"WebPage\",\"@id\":\"https:\\\/\\\/zenta.es\\\/eu\\\/produktuak\\\/transferentziak\\\/garabiak\\\/\",\"url\":\"https:\\\/\\\/zenta.es\\\/eu\\\/produktuak\\\/transferentziak\\\/garabiak\\\/\",\"name\":\"Mobilizazio garabiak - Zenta\",\"isPartOf\":{\"@id\":\"https:\\\/\\\/zenta.es\\\/eu\\\/#website\"},\"primaryImageOfPage\":{\"@id\":\"https:\\\/\\\/zenta.es\\\/eu\\\/produktuak\\\/transferentziak\\\/garabiak\\\/#primaryimage\"},\"image\":{\"@id\":\"https:\\\/\\\/zenta.es\\\/eu\\\/produktuak\\\/transferentziak\\\/garabiak\\\/#primaryimage\"},\"thumbnailUrl\":\"https:\\\/\\\/zenta.es\\\/wp-content\\\/uploads\\\/2023\\\/07\\\/rails-DSC1114-bewerkt3.jpg\",\"datePublished\":\"2018-11-21T09:46:12+00:00\",\"dateModified\":\"2024-10-02T14:26:46+00:00\",\"breadcrumb\":{\"@id\":\"https:\\\/\\\/zenta.es\\\/eu\\\/produktuak\\\/transferentziak\\\/garabiak\\\/#breadcrumb\"},\"inLanguage\":\"eu-ES\",\"potentialAction\":[{\"@type\":\"ReadAction\",\"target\":[\"https:\\\/\\\/zenta.es\\\/eu\\\/produktuak\\\/transferentziak\\\/garabiak\\\/\"]}]},{\"@type\":\"ImageObject\",\"inLanguage\":\"eu-ES\",\"@id\":\"https:\\\/\\\/zenta.es\\\/eu\\\/produktuak\\\/transferentziak\\\/garabiak\\\/#primaryimage\",\"url\":\"https:\\\/\\\/zenta.es\\\/wp-content\\\/uploads\\\/2023\\\/07\\\/rails-DSC1114-bewerkt3.jpg\",\"contentUrl\":\"https:\\\/\\\/zenta.es\\\/wp-content\\\/uploads\\\/2023\\\/07\\\/rails-DSC1114-bewerkt3.jpg\"},{\"@type\":\"BreadcrumbList\",\"@id\":\"https:\\\/\\\/zenta.es\\\/eu\\\/produktuak\\\/transferentziak\\\/garabiak\\\/#breadcrumb\",\"itemListElement\":[{\"@type\":\"ListItem\",\"position\":1,\"name\":\"Portada\",\"item\":\"https:\\\/\\\/zenta.es\\\/eu\\\/\"},{\"@type\":\"ListItem\",\"position\":2,\"name\":\"Produktuak\",\"item\":\"https:\\\/\\\/zenta.es\\\/eu\\\/produktuak\\\/\"},{\"@type\":\"ListItem\",\"position\":3,\"name\":\"Transferentziak\",\"item\":\"https:\\\/\\\/zenta.es\\\/eu\\\/produktuak\\\/transferentziak\\\/\"},{\"@type\":\"ListItem\",\"position\":4,\"name\":\"Mobilizazio garabiak\"}]},{\"@type\":\"WebSite\",\"@id\":\"https:\\\/\\\/zenta.es\\\/eu\\\/#website\",\"url\":\"https:\\\/\\\/zenta.es\\\/eu\\\/\",\"name\":\"Zenta, ayudas t\u00e9cnicas para las personas\",\"description\":\"Ayudas t\u00e9cnicas para las personas\",\"publisher\":{\"@id\":\"https:\\\/\\\/zenta.es\\\/eu\\\/#organization\"},\"potentialAction\":[{\"@type\":\"SearchAction\",\"target\":{\"@type\":\"EntryPoint\",\"urlTemplate\":\"https:\\\/\\\/zenta.es\\\/eu\\\/?s={search_term_string}\"},\"query-input\":{\"@type\":\"PropertyValueSpecification\",\"valueRequired\":true,\"valueName\":\"search_term_string\"}}],\"inLanguage\":\"eu-ES\"},{\"@type\":\"Organization\",\"@id\":\"https:\\\/\\\/zenta.es\\\/eu\\\/#organization\",\"name\":\"Zenta\",\"url\":\"https:\\\/\\\/zenta.es\\\/eu\\\/\",\"logo\":{\"@type\":\"ImageObject\",\"inLanguage\":\"eu-ES\",\"@id\":\"https:\\\/\\\/zenta.es\\\/eu\\\/#\\\/schema\\\/logo\\\/image\\\/\",\"url\":\"https:\\\/\\\/zenta.es\\\/wp-content\\\/uploads\\\/2018\\\/11\\\/LOGO-TRANSPARENTE.png\",\"contentUrl\":\"https:\\\/\\\/zenta.es\\\/wp-content\\\/uploads\\\/2018\\\/11\\\/LOGO-TRANSPARENTE.png\",\"width\":348,\"height\":72,\"caption\":\"Zenta\"},\"image\":{\"@id\":\"https:\\\/\\\/zenta.es\\\/eu\\\/#\\\/schema\\\/logo\\\/image\\\/\"},\"sameAs\":[\"https:\\\/\\\/www.facebook.com\\\/zenta.zureondoan\\\/\"]}]}<\/script>\n<!-- \/ Yoast SEO plugin. -->","yoast_head_json":{"title":"Mobilizazio garabiak - Zenta","robots":{"index":"index","follow":"follow","max-snippet":"max-snippet:-1","max-image-preview":"max-image-preview:large","max-video-preview":"max-video-preview:-1"},"canonical":"https:\/\/zenta.es\/eu\/produktuak\/transferentziak\/garabiak\/","og_locale":"eu_ES","og_type":"article","og_title":"Mobilizazio garabiak - Zenta","og_description":"Erabilerrazak dira, eta lesioak saihesten dituzte, bai zaintzailearentzat, bai erabiltzailearentzat.","og_url":"https:\/\/zenta.es\/eu\/produktuak\/transferentziak\/garabiak\/","og_site_name":"Zenta","article_publisher":"https:\/\/www.facebook.com\/zenta.zureondoan\/","article_modified_time":"2024-10-02T14:26:46+00:00","og_image":[{"url":"https:\/\/zenta.es\/wp-content\/uploads\/2023\/07\/rails-DSC1114-bewerkt3.jpg","type":"","width":"","height":""}],"twitter_card":"summary_large_image","twitter_misc":{"Est. reading time":"1 minute"},"schema":{"@context":"https:\/\/schema.org","@graph":[{"@type":"WebPage","@id":"https:\/\/zenta.es\/eu\/produktuak\/transferentziak\/garabiak\/","url":"https:\/\/zenta.es\/eu\/produktuak\/transferentziak\/garabiak\/","name":"Mobilizazio garabiak - Zenta","isPartOf":{"@id":"https:\/\/zenta.es\/eu\/#website"},"primaryImageOfPage":{"@id":"https:\/\/zenta.es\/eu\/produktuak\/transferentziak\/garabiak\/#primaryimage"},"image":{"@id":"https:\/\/zenta.es\/eu\/produktuak\/transferentziak\/garabiak\/#primaryimage"},"thumbnailUrl":"https:\/\/zenta.es\/wp-content\/uploads\/2023\/07\/rails-DSC1114-bewerkt3.jpg","datePublished":"2018-11-21T09:46:12+00:00","dateModified":"2024-10-02T14:26:46+00:00","breadcrumb":{"@id":"https:\/\/zenta.es\/eu\/produktuak\/transferentziak\/garabiak\/#breadcrumb"},"inLanguage":"eu-ES","potentialAction":[{"@type":"ReadAction","target":["https:\/\/zenta.es\/eu\/produktuak\/transferentziak\/garabiak\/"]}]},{"@type":"ImageObject","inLanguage":"eu-ES","@id":"https:\/\/zenta.es\/eu\/produktuak\/transferentziak\/garabiak\/#primaryimage","url":"https:\/\/zenta.es\/wp-content\/uploads\/2023\/07\/rails-DSC1114-bewerkt3.jpg","contentUrl":"https:\/\/zenta.es\/wp-content\/uploads\/2023\/07\/rails-DSC1114-bewerkt3.jpg"},{"@type":"BreadcrumbList","@id":"https:\/\/zenta.es\/eu\/produktuak\/transferentziak\/garabiak\/#breadcrumb","itemListElement":[{"@type":"ListItem","position":1,"name":"Portada","item":"https:\/\/zenta.es\/eu\/"},{"@type":"ListItem","position":2,"name":"Produktuak","item":"https:\/\/zenta.es\/eu\/produktuak\/"},{"@type":"ListItem","position":3,"name":"Transferentziak","item":"https:\/\/zenta.es\/eu\/produktuak\/transferentziak\/"},{"@type":"ListItem","position":4,"name":"Mobilizazio garabiak"}]},{"@type":"WebSite","@id":"https:\/\/zenta.es\/eu\/#website","url":"https:\/\/zenta.es\/eu\/","name":"Zenta, ayudas t\u00e9cnicas para las personas","description":"Ayudas t\u00e9cnicas para las personas","publisher":{"@id":"https:\/\/zenta.es\/eu\/#organization"},"potentialAction":[{"@type":"SearchAction","target":{"@type":"EntryPoint","urlTemplate":"https:\/\/zenta.es\/eu\/?s={search_term_string}"},"query-input":{"@type":"PropertyValueSpecification","valueRequired":true,"valueName":"search_term_string"}}],"inLanguage":"eu-ES"},{"@type":"Organization","@id":"https:\/\/zenta.es\/eu\/#organization","name":"Zenta","url":"https:\/\/zenta.es\/eu\/","logo":{"@type":"ImageObject","inLanguage":"eu-ES","@id":"https:\/\/zenta.es\/eu\/#\/schema\/logo\/image\/","url":"https:\/\/zenta.es\/wp-content\/uploads\/2018\/11\/LOGO-TRANSPARENTE.png","contentUrl":"https:\/\/zenta.es\/wp-content\/uploads\/2018\/11\/LOGO-TRANSPARENTE.png","width":348,"height":72,"caption":"Zenta"},"image":{"@id":"https:\/\/zenta.es\/eu\/#\/schema\/logo\/image\/"},"sameAs":["https:\/\/www.facebook.com\/zenta.zureondoan\/"]}]}},"_links":{"self":[{"href":"https:\/\/zenta.es\/eu\/wp-json\/wp\/v2\/pages\/2004","targetHints":{"allow":["GET"]}}],"collection":[{"href":"https:\/\/zenta.es\/eu\/wp-json\/wp\/v2\/pages"}],"about":[{"href":"https:\/\/zenta.es\/eu\/wp-json\/wp\/v2\/types\/page"}],"author":[{"embeddable":true,"href":"https:\/\/zenta.es\/eu\/wp-json\/wp\/v2\/users\/2"}],"replies":[{"embeddable":true,"href":"https:\/\/zenta.es\/eu\/wp-json\/wp\/v2\/comments?post=2004"}],"version-history":[{"count":9,"href":"https:\/\/zenta.es\/eu\/wp-json\/wp\/v2\/pages\/2004\/revisions"}],"predecessor-version":[{"id":3820,"href":"https:\/\/zenta.es\/eu\/wp-json\/wp\/v2\/pages\/2004\/revisions\/3820"}],"up":[{"embeddable":true,"href":"https:\/\/zenta.es\/eu\/wp-json\/wp\/v2\/pages\/1943"}],"wp:attachment":[{"href":"https:\/\/zenta.es\/eu\/wp-json\/wp\/v2\/media?parent=2004"}],"curies":[{"name":"wp","href":"https:\/\/api.w.org\/{rel}","templated":true}]}}